{"id":124,"date":"2019-05-28T12:08:48","date_gmt":"2019-05-28T10:08:48","guid":{"rendered":"http:\/\/asb2019.bwzofingen.ch\/?page_id=124"},"modified":"2019-08-21T21:38:28","modified_gmt":"2019-08-21T19:38:28","slug":"anreise","status":"publish","type":"page","link":"http:\/\/asb2019.bwzofingen.ch\/index.php\/anreise\/","title":{"rendered":"Anreise"},"content":{"rendered":"<div id=\"pl-124\"  class=\"panel-layout\" ><div id=\"pg-124-0\"  class=\"panel-grid panel-no-style\" ><div id=\"pgc-124-0-0\"  class=\"panel-grid-cell\" ><div id=\"panel-124-0-0-0\" class=\"widget_text so-panel widget widget_custom_html panel-first-child panel-last-child\" data-index=\"0\" ><div class=\"textwidget custom-html-widget\"><\/div><\/div><\/div><\/div><div id=\"pg-124-1\"  class=\"panel-grid panel-no-style\" ><div id=\"pgc-124-1-0\"  class=\"panel-grid-cell\" ><div id=\"panel-124-1-0-0\" class=\"so-panel widget widget_sow-headline panel-first-child panel-last-child\" data-index=\"1\" ><div\n\t\t\t\n\t\t\tclass=\"so-widget-sow-headline so-widget-sow-headline-default-2f89045ad673-124\"\n\t\t\t\n\t\t><div class=\"sow-headline-container \">\n\t\t\t\t\t\t\t<h1 class=\"sow-headline\">\n\t\t\t\t\t\tAnreise\t\t\t\t\t\t<\/h1>\n\t\t\t\t\t\t\t\t\t\t\t<div class=\"decoration\">\n\t\t\t\t\t\t<div class=\"decoration-inside\"><\/div>\n\t\t\t\t\t<\/div>\n\t\t\t\t\t<\/div>\n<\/div><\/div><\/div><\/div><div id=\"pg-124-2\"  class=\"panel-grid panel-no-style\" ><div id=\"pgc-124-2-0\"  class=\"panel-grid-cell\" ><div id=\"panel-124-2-0-0\" class=\"so-panel widget widget_text panel-first-child panel-last-child\" data-index=\"2\" >\t\t\t<div class=\"textwidget\"><p><strong>Berufs- und Weiterbildung Zofingen\u00a0<\/strong><\/p>\n<p><span style=\"font-family: Calibri;\">Bildungszentrum (BZZ)<\/span><br \/>\n<span style=\"font-family: Calibri;\">Strengelbacherstrasse 27<\/span><br \/>\n<span style=\"font-family: Calibri;\">4800 Zofingen<\/span><\/p>\n<p><span style=\"font-family: Calibri;\">T 062 745 56 00<\/span><br \/>\n<a href=\"http:\/\/www.bwzofingen.ch\/\">www.bwzofingen.ch<\/a><\/p>\n<p>&nbsp;<\/p>\n<p>Parkpl\u00e4tze befinden sich auf dem Parkplatz beim BZZ. W\u00e4hrend des Schulbetriebes sind die <strong>Parkpl\u00e4tze<\/strong> allerdings <strong>beschr\u00e4nkt<\/strong> und bei der Sporthalle hat es keine Parkpl\u00e4tze mehr zur Verf\u00fcgung.<\/p>\n<p>Es empfiehlt sich, Fahrgemeinschaften zu bilden oder mit Vorteil mit den \u00d6Vs zu kommen. Der <strong>Bahnhof Zofingen<\/strong> ist ca. <strong>10 Minuten<\/strong> Fussmarsch entfernt.<\/p>\n<\/div>\n\t\t<\/div><\/div><div id=\"pgc-124-2-1\"  class=\"panel-grid-cell\" ><div id=\"panel-124-2-1-0\" class=\"so-panel widget widget_text panel-first-child\" data-index=\"3\" >\t\t\t<div class=\"textwidget\"><p><strong><a href=\"http:\/\/asb2019.bwzofingen.ch\/wp-content\/uploads\/2019\/08\/BWZofingen_Lageplan_2018.pdf\">Download Lageplan<\/a><\/strong><\/p>\n<\/div>\n\t\t<\/div><div id=\"panel-124-2-1-1\" class=\"widget_text so-panel widget widget_custom_html panel-last-child\" data-index=\"4\" ><div class=\"textwidget custom-html-widget\"><iframe loading=\"lazy\" src=\"https:\/\/www.google.com\/maps\/embed?pb=!1m18!1m12!1m3!1d2706.634274126132!2d7.939348015619323!3d47.28240337916452!2m3!1f0!2f0!3f0!3m2!1i1024!2i768!4f13.1!3m3!1m2!1s0x47902586251c983f%3A0xe0cdb4dc1e08db98!2sMehrzweckhalle+Zofingen!5e0!3m2!1sde!2sch!4v1559038848267!5m2!1sde!2sch\" width=\"650\" height=\"450\" frameborder=\"0\" style=\"border:0\" allowfullscreen><\/iframe><\/div><\/div><\/div><\/div><\/div>","protected":false},"excerpt":{"rendered":"<p>Anreise Berufs- und Weiterbildung Zofingen\u00a0 Bildungszentrum (BZZ) Strengelbacherstrasse 27 4800 Zofingen T 062 745 56 00 www.bwzofingen.ch &nbsp; Parkpl\u00e4tze befinden sich auf dem Parkplatz beim BZZ. W\u00e4hrend des Schulbetriebes sind &#8230;<\/p>\n","protected":false},"author":2,"featured_media":0,"parent":0,"menu_order":0,"comment_status":"closed","ping_status":"closed","template":"","meta":{"footnotes":""},"class_list":["post-124","page","type-page","status-publish","hentry"],"_links":{"self":[{"href":"http:\/\/asb2019.bwzofingen.ch\/index.php\/wp-json\/wp\/v2\/pages\/124","targetHints":{"allow":["GET"]}}],"collection":[{"href":"http:\/\/asb2019.bwzofingen.ch\/index.php\/wp-json\/wp\/v2\/pages"}],"about":[{"href":"http:\/\/asb2019.bwzofingen.ch\/index.php\/wp-json\/wp\/v2\/types\/page"}],"author":[{"embeddable":true,"href":"http:\/\/asb2019.bwzofingen.ch\/index.php\/wp-json\/wp\/v2\/users\/2"}],"replies":[{"embeddable":true,"href":"http:\/\/asb2019.bwzofingen.ch\/index.php\/wp-json\/wp\/v2\/comments?post=124"}],"version-history":[{"count":36,"href":"http:\/\/asb2019.bwzofingen.ch\/index.php\/wp-json\/wp\/v2\/pages\/124\/revisions"}],"predecessor-version":[{"id":636,"href":"http:\/\/asb2019.bwzofingen.ch\/index.php\/wp-json\/wp\/v2\/pages\/124\/revisions\/636"}],"wp:attachment":[{"href":"http:\/\/asb2019.bwzofingen.ch\/index.php\/wp-json\/wp\/v2\/media?parent=124"}],"curies":[{"name":"wp","href":"https:\/\/api.w.org\/{rel}","templated":true}]}}